{"id":6932,"date":"2016-05-20T03:09:44","date_gmt":"2016-05-20T03:09:44","guid":{"rendered":"https:\/\/www.patents.jp\/firm-introduction\/"},"modified":"2026-04-03T16:02:41","modified_gmt":"2026-04-03T07:02:41","slug":"firm-introduction","status":"publish","type":"page","link":"https:\/\/www.patents.jp\/nl\/firm-introduction\/","title":{"rendered":"Over ons kantoor"},"content":{"rendered":"\n<style type=\"text\/css\" data-created_by=\"avia_inline_auto\" id=\"style-css-av-t4jlo-2d051511fd21a55161cf3317b8733f7b\">\n.flex_column.av-t4jlo-2d051511fd21a55161cf3317b8733f7b{\nborder-radius:0px 0px 0px 0px;\npadding:0px 0px 0px 0px;\n}\n<\/style>\n<div  class='flex_column av-t4jlo-2d051511fd21a55161cf3317b8733f7b av_one_fifth  avia-builder-el-0  el_before_av_three_fifth  avia-builder-el-first  first flex_column_div av-zero-column-padding  '     ><\/div>\n\n<style type=\"text\/css\" data-created_by=\"avia_inline_auto\" id=\"style-css-av-klzc4-dba0d04b5faf8eefc86e768ad7feeda2\">\n.flex_column.av-klzc4-dba0d04b5faf8eefc86e768ad7feeda2{\nborder-radius:0px 0px 0px 0px;\npadding:0px 0px 0px 0px;\n}\n<\/style>\n<div  class='flex_column av-klzc4-dba0d04b5faf8eefc86e768ad7feeda2 av_three_fifth  avia-builder-el-2  el_after_av_one_fifth  el_before_av_one_fifth  flex_column_div av-zero-column-padding  '     ><section  class='av_textblock_section av-dkoic-fa8c6a85b76d9b05eaa8b681cbb6513e '   itemscope=\"itemscope\" itemtype=\"https:\/\/schema.org\/CreativeWork\" ><div class='avia_textblock'  itemprop=\"text\" ><p>SONODA &amp; KOBAYASHI is een advocatenkantoor gespecialiseerd in intellectueel eigendomsrecht (IE). Wij bieden betrouwbare juridische dienstverlening ter bescherming van uw intellectuele eigendom in Japan.<\/p>\n<p>Ons internationale team van meer dan 130 experts in technologie, rechten, talen en internationale communicatie helpt cli\u00ebnten van over de hele wereld en heeft een reputatie van grondigheid en betrouwbaarheid opgebouwd.<br \/>\nOnze hoge kwaliteitseisen, ons expertise en teamwork zijn sinds de oprichting in 1998 onze belangrijkste eigenschappen.<\/p>\n<p>Openhartige gesprekken en een open, effici\u00ebnte communicatiestijl, beide een relatieve zeldzaamheid in Japan, zijn belangrijke onderdelen van onze bedrijfscultuur. Voor ons is deze werksfeer van belang om juridisch advies van werkelijke waarde te kunnen bieden. Voor de cli\u00ebnt zorgt het voor gemakkelijke, stressvrije communicatie met onze medewerkers.<\/p>\n<p>Voor optimale bescherming van het intellectuele eigendom van de cli\u00ebnt nemen wij verschillende opties door en passen onze werkwijze aan naargelang de wensen van de cli\u00ebnt.<br \/>\nWij bieden communicatie en analyses op maat en stellen kost-effectieve diensten voor.<br \/>\nGraag helpen wij u bij het streamlinen van interne bedrijfsprocessen en cre\u00ebren wij de best mogelijke IE-bescherming in Japan om zo een ware verlenging van uw IE-afdeling in Azi\u00eb te worden.<\/p>\n<p>Verder gaan wij regelmatig bij onze cli\u00ebnten op bezoek, organiseren wij lezingen en webinars en wonen wij verscheidene beurzen en evenementen bij. Op deze manier versterken wij onze kennis van de markt van de cli\u00ebnt en kunnen u bovendien voorzien van de laatste ontwikkelingen op het gebied van IE. Samen maken wij zo de beste strategie voor het beschermen en handhaven van uw intellectuele eigendomsrechten in Japan.<\/p>\n<p>Betrouwbare juridische dienstverlening met betrekking tot intellectueel eigendom kan bovendien alleen tot stand komen door diepgravende kennis van zowel technologische als juridische zaken. Onze octrooigemachtigden en andere specialisten beschikken over een uitstekende opleiding en uitgebreide praktijkervaring, vaak op het gebied van R&amp;D, wat cruciaal is voor lastige zaken. Meer dan de helft van onze octrooigemachtigden en specialisten heeft dan ook een doctoraat of PhD.<\/p>\n<p>Wij leren graag bij over de verschillende businessstrategie\u00ebn van onze cli\u00ebnten en de manier waarop zij de competitie en technologische trends zien. Hierdoor kunnen we cli\u00ebnten uitleggen hoe de praktijk in Japan wellicht verschilt. Door wederzijds begrip kunnen we de verantwoordelijkheden en werklast gemakkelijk verdelen. Proberen de ander te begrijpen is zeer belangrijk voor het opbouwen van een duurzame zakenrelatie en wij spannen ons hier graag voor in.<\/p>\n<p>Tot slot houden wij niet allleen de wetswijzigingen in Japan in de gaten, maar volgen wij ook de verandering in Europa, de VS en andere jurisdicties. Door de verschillen tussen Japan en andere delen van de wereld te bestuderen hopen wij onze cli\u00ebnten de meest productieve diensten aan te kunnen bieden.<\/p>\n<\/div><\/section><\/div>\n<style type=\"text\/css\" data-created_by=\"avia_inline_auto\" id=\"style-css-av-bvx0c-45180e76e7c1010d004a1f6d1fee2749\">\n.flex_column.av-bvx0c-45180e76e7c1010d004a1f6d1fee2749{\nborder-radius:0px 0px 0px 0px;\npadding:0px 0px 0px 0px;\n}\n<\/style>\n<div  class='flex_column av-bvx0c-45180e76e7c1010d004a1f6d1fee2749 av_one_fifth  avia-builder-el-4  el_after_av_three_fifth  avia-builder-el-last  flex_column_div av-zero-column-padding  '     ><\/div><\/p>\n","protected":false},"excerpt":{"rendered":"","protected":false},"author":3,"featured_media":0,"parent":0,"menu_order":0,"comment_status":"closed","ping_status":"closed","template":"","meta":{"_acf_changed":false,"footnotes":""},"class_list":["post-6932","page","type-page","status-publish","hentry"],"acf":[],"_links":{"self":[{"href":"https:\/\/www.patents.jp\/nl\/wp-json\/wp\/v2\/pages\/6932","targetHints":{"allow":["GET"]}}],"collection":[{"href":"https:\/\/www.patents.jp\/nl\/wp-json\/wp\/v2\/pages"}],"about":[{"href":"https:\/\/www.patents.jp\/nl\/wp-json\/wp\/v2\/types\/page"}],"author":[{"embeddable":true,"href":"https:\/\/www.patents.jp\/nl\/wp-json\/wp\/v2\/users\/3"}],"replies":[{"embeddable":true,"href":"https:\/\/www.patents.jp\/nl\/wp-json\/wp\/v2\/comments?post=6932"}],"version-history":[{"count":7,"href":"https:\/\/www.patents.jp\/nl\/wp-json\/wp\/v2\/pages\/6932\/revisions"}],"predecessor-version":[{"id":17526,"href":"https:\/\/www.patents.jp\/nl\/wp-json\/wp\/v2\/pages\/6932\/revisions\/17526"}],"wp:attachment":[{"href":"https:\/\/www.patents.jp\/nl\/wp-json\/wp\/v2\/media?parent=6932"}],"curies":[{"name":"wp","href":"https:\/\/api.w.org\/{rel}","templated":true}]}}