{"id":3218,"date":"2019-03-14T06:42:14","date_gmt":"2019-03-14T06:42:14","guid":{"rendered":"http:\/\/www.patents.jp\/?page_id=3218"},"modified":"2019-03-28T05:48:29","modified_gmt":"2019-03-28T05:48:29","slug":"resources","status":"publish","type":"page","link":"https:\/\/www.patents.jp\/fr\/resources\/","title":{"rendered":"Ressources"},"content":{"rendered":"\n<style type=\"text\/css\" data-created_by=\"avia_inline_auto\" id=\"style-css-av-1djkw-0132fd6005c36936b2def1bb8fc92ca4\">\n.flex_column.av-1djkw-0132fd6005c36936b2def1bb8fc92ca4{\nborder-radius:0px 0px 0px 0px;\npadding:0px 0px 0px 0px;\n}\n<\/style>\n<div  class='flex_column av-1djkw-0132fd6005c36936b2def1bb8fc92ca4 av_one_fifth  avia-builder-el-0  el_before_av_four_fifth  avia-builder-el-first  first flex_column_div av-zero-column-padding  '     ><\/div>\n<style type=\"text\/css\" data-created_by=\"avia_inline_auto\" id=\"style-css-av-tmdg-f216d3652160b19e7b11d87d3af426eb\">\n.flex_column.av-tmdg-f216d3652160b19e7b11d87d3af426eb{\nborder-radius:0px 0px 0px 0px;\npadding:0px 0px 0px 0px;\n}\n<\/style>\n<div  class='flex_column av-tmdg-f216d3652160b19e7b11d87d3af426eb av_four_fifth  avia-builder-el-2  el_after_av_one_fifth  avia-builder-el-last  flex_column_div av-zero-column-padding  '     ><section  class='av_textblock_section av-13tw0-7da71bd0ef30242d5fa78ae17441ce87 '   itemscope=\"itemscope\" itemtype=\"https:\/\/schema.org\/CreativeWork\" ><div class='avia_textblock'  itemprop=\"text\" ><p><strong><a href=\"http:\/\/www.patents.jp\/newsletter\/\">Newsletter<\/a><br \/>\n<\/strong>Nous publions une newsletter tous les deux mois avec les derni\u00e8res actualit\u00e9s du JPO, des d\u00e9cisions de justice importantes, des informations li\u00e9es \u00e0 la propri\u00e9t\u00e9 intellectuelle et des nouveaut\u00e9s sur le cabinet. Ces bulletins d\u2019informations sont accessibles en PDF sur notre site.<\/p>\n<p><strong><a href=\"http:\/\/www.patents.jp\/publications\/\">Publications<\/a><br \/>\n<\/strong>Informations bibliographiques, extraits d&rsquo;articles mais aussi publications de nos membres sont accessibles r\u00e9guli\u00e8rement sur notre site.<strong><br \/>\n<\/strong><\/p>\n<p><strong><a href=\"http:\/\/www.patents.jp\/events\/\">\u00c9v\u00e9nements<\/a><br \/>\n<\/strong>Nous publiions des informations sur les \u00e9v\u00e9nements parrain\u00e9s par notre cabinet et les s\u00e9minaires aux cours desquels nos membres interviennent.<strong><br \/>\n<\/strong><\/p>\n<p><strong><a href=\"http:\/\/www.patents.jp\/intellectual-property-information\/\">Informations sur la propri\u00e9t\u00e9 intellectuelle<\/a><br \/>\n<\/strong>Nous publions des bulletins d&rsquo;information sp\u00e9ciaux pour signaler des d\u00e9veloppements importants en mati\u00e8re de propri\u00e9t\u00e9 intellectuelle.<strong><br \/>\n<\/strong><\/p>\n<\/div><\/section><\/div><\/p>\n","protected":false},"excerpt":{"rendered":"","protected":false},"author":2,"featured_media":0,"parent":0,"menu_order":0,"comment_status":"closed","ping_status":"closed","template":"","meta":{"_acf_changed":false,"footnotes":""},"class_list":["post-3218","page","type-page","status-publish","hentry"],"acf":[],"_links":{"self":[{"href":"https:\/\/www.patents.jp\/fr\/wp-json\/wp\/v2\/pages\/3218","targetHints":{"allow":["GET"]}}],"collection":[{"href":"https:\/\/www.patents.jp\/fr\/wp-json\/wp\/v2\/pages"}],"about":[{"href":"https:\/\/www.patents.jp\/fr\/wp-json\/wp\/v2\/types\/page"}],"author":[{"embeddable":true,"href":"https:\/\/www.patents.jp\/fr\/wp-json\/wp\/v2\/users\/2"}],"replies":[{"embeddable":true,"href":"https:\/\/www.patents.jp\/fr\/wp-json\/wp\/v2\/comments?post=3218"}],"version-history":[{"count":8,"href":"https:\/\/www.patents.jp\/fr\/wp-json\/wp\/v2\/pages\/3218\/revisions"}],"predecessor-version":[{"id":4844,"href":"https:\/\/www.patents.jp\/fr\/wp-json\/wp\/v2\/pages\/3218\/revisions\/4844"}],"wp:attachment":[{"href":"https:\/\/www.patents.jp\/fr\/wp-json\/wp\/v2\/media?parent=3218"}],"curies":[{"name":"wp","href":"https:\/\/api.w.org\/{rel}","templated":true}]}}