{"id":3205,"date":"2019-03-14T06:36:07","date_gmt":"2019-03-14T06:36:07","guid":{"rendered":"http:\/\/www.patents.jp\/?page_id=3205"},"modified":"2021-12-02T10:07:44","modified_gmt":"2021-12-02T01:07:44","slug":"legal-actions","status":"publish","type":"page","link":"https:\/\/www.patents.jp\/fr\/legal-actions\/","title":{"rendered":"Actions L\u00e9gales"},"content":{"rendered":"\n<style type=\"text\/css\" data-created_by=\"avia_inline_auto\" id=\"style-css-av-1i7fn-019f1578ca4da12c3faa7dec37f2001e\">\n.flex_column.av-1i7fn-019f1578ca4da12c3faa7dec37f2001e{\nborder-radius:0px 0px 0px 0px;\npadding:0px 0px 0px 0px;\n}\n<\/style>\n<div  class='flex_column av-1i7fn-019f1578ca4da12c3faa7dec37f2001e av_one_fifth  avia-builder-el-0  el_before_av_two_fifth  avia-builder-el-first  first flex_column_div av-zero-column-padding  '     ><section  class='av_textblock_section av-kmx9hq52-7a976125775d41114e6ac9b795376400 '   itemscope=\"itemscope\" itemtype=\"https:\/\/schema.org\/CreativeWork\" ><div class='avia_textblock'  itemprop=\"text\" ><h4><a href=\"\/fr\/services\">Services<\/a><\/h4>\n<p><a href=\"\/fr\/patents\">Brevets<\/a><\/p>\n<p><a href=\"\/fr\/other-ip-rights\">Autres Droits de PI<\/a><\/p>\n<p><b>Actions L\u00e9gales<\/b><\/p>\n<p><a href=\"\/fr\/translation-services\/\">Services de traduction<\/a><\/p>\n<p><a href=\"\/fr\/legal-services\/#paiements_d\u2019annuit\u00e9s\">Paiements d\u2019annuit\u00e9s<\/a><\/p>\n<p><a href=\"\/fr\/legal-services\">Autres services<\/a><\/p>\n<\/div><\/section><\/div>\n<style type=\"text\/css\" data-created_by=\"avia_inline_auto\" id=\"style-css-av-5y6uj-0abece9f903eaa0bc12b2ed932764c46\">\n.flex_column.av-5y6uj-0abece9f903eaa0bc12b2ed932764c46{\nborder-radius:0px 0px 0px 0px;\npadding:0px 0px 0px 0px;\n}\n<\/style>\n<div  class='flex_column av-5y6uj-0abece9f903eaa0bc12b2ed932764c46 av_two_fifth  avia-builder-el-2  el_after_av_one_fifth  el_before_av_two_fifth  flex_column_div av-zero-column-padding  '     ><p>\n<style type=\"text\/css\" data-created_by=\"avia_inline_auto\" id=\"style-css-av-3ap9cl-a9aa0631d3751828249056ca991c1d08\">\n#top .av-special-heading.av-3ap9cl-a9aa0631d3751828249056ca991c1d08{\npadding-bottom:10px;\n}\nbody .av-special-heading.av-3ap9cl-a9aa0631d3751828249056ca991c1d08 .av-special-heading-tag .heading-char{\nfont-size:25px;\n}\n.av-special-heading.av-3ap9cl-a9aa0631d3751828249056ca991c1d08 .av-subheading{\nfont-size:15px;\n}\n<\/style>\n<div  class='av-special-heading av-3ap9cl-a9aa0631d3751828249056ca991c1d08 av-special-heading-h4  avia-builder-el-3  el_before_av_textblock  avia-builder-el-first '><h4 class='av-special-heading-tag '  itemprop=\"headline\"  >Oppositions<\/h4><div class=\"special-heading-border\"><div class=\"special-heading-inner-border\"><\/div><\/div><\/div><br \/>\n<section  class='av_textblock_section av-4a8z7-8c62eab9c0936e11663df2113f6bbac7 '   itemscope=\"itemscope\" itemtype=\"https:\/\/schema.org\/CreativeWork\" ><div class='avia_textblock'  itemprop=\"text\" ><p>Nous avons trait\u00e9 de nombreuses actions en nullit\u00e9 et plusieurs annulations de d\u00e9cisions du JPO, et dans la plupart des cas, celles-ci ont \u00e9t\u00e9 en faveurs de nos clients.\u00a0 De plus, comme nous obtenons l\u2019enregistrement du brevet dans la plupart des d\u00e9cisions de recours, nous sommes confiants d\u2019obtenir gains de causes \u00e9galement lors d\u2019oppositions.<\/p>\n<p>Nous acceptons le transfert des cas provenant d\u2019autres cabinets de conseil.<\/p>\n<\/div><\/section><\/p><\/div><\/p>\n\n<style type=\"text\/css\" data-created_by=\"avia_inline_auto\" id=\"style-css-av-3z7aj-ceec72fcbdab9dbd99f5bf7ce5b818bf\">\n.flex_column.av-3z7aj-ceec72fcbdab9dbd99f5bf7ce5b818bf{\nborder-radius:0px 0px 0px 0px;\npadding:0px 0px 0px 0px;\n}\n<\/style>\n<div  class='flex_column av-3z7aj-ceec72fcbdab9dbd99f5bf7ce5b818bf av_two_fifth  avia-builder-el-5  el_after_av_two_fifth  el_before_av_one_fifth  flex_column_div av-zero-column-padding  '     ><p>\n<style type=\"text\/css\" data-created_by=\"avia_inline_auto\" id=\"style-css-av-jtp5tnnb-7affd4a398cdd9f6764646832f62f7d8\">\n#top .av-special-heading.av-jtp5tnnb-7affd4a398cdd9f6764646832f62f7d8{\npadding-bottom:10px;\n}\nbody .av-special-heading.av-jtp5tnnb-7affd4a398cdd9f6764646832f62f7d8 .av-special-heading-tag .heading-char{\nfont-size:25px;\n}\n.av-special-heading.av-jtp5tnnb-7affd4a398cdd9f6764646832f62f7d8 .av-subheading{\nfont-size:15px;\n}\n<\/style>\n<div  class='av-special-heading av-jtp5tnnb-7affd4a398cdd9f6764646832f62f7d8 av-special-heading-h4  avia-builder-el-6  el_before_av_textblock  avia-builder-el-first '><h4 class='av-special-heading-tag '  itemprop=\"headline\"  >Actions en nullit\u00e9<\/h4><div class=\"special-heading-border\"><div class=\"special-heading-inner-border\"><\/div><\/div><\/div><br \/>\n<section  class='av_textblock_section av-2ywi3-15f3f45313b92b2e7428327c19f698a6 '   itemscope=\"itemscope\" itemtype=\"https:\/\/schema.org\/CreativeWork\" ><div class='avia_textblock'  itemprop=\"text\" ><p>Nous avons trait\u00e9 de nombreuses actions en nullit\u00e9 et d&rsquo;annulation des d\u00e9cisions du JPO, et dans la plupart des cas, les d\u00e9cisions ont \u00e9t\u00e9 rendues en faveur de nos clients. Une partie de cette r\u00e9ussite est due \u00e0 l\u2019excellente communication de notre cabinet et de notre profonde compr\u00e9hension de la technologie.<\/p>\n<p>Nous acceptons \u00e9galement le transfert des cas provenant d\u2019autres cabinets de conseil.<\/p>\n<\/div><\/section><\/p><\/div>\n\n<style type=\"text\/css\" data-created_by=\"avia_inline_auto\" id=\"style-css-av-oxcf-24f3d1a2adc7d847fd4fd803cf429b8a\">\n.flex_column.av-oxcf-24f3d1a2adc7d847fd4fd803cf429b8a{\nborder-radius:0px 0px 0px 0px;\npadding:0px 0px 0px 0px;\n}\n<\/style>\n<div  class='flex_column av-oxcf-24f3d1a2adc7d847fd4fd803cf429b8a av_one_fifth  avia-builder-el-8  el_after_av_two_fifth  el_before_av_two_fifth  first flex_column_div av-zero-column-padding  '     ><\/div>\n\n<style type=\"text\/css\" data-created_by=\"avia_inline_auto\" id=\"style-css-av-29tez-ab75d374b81c534a6ced52b7db11b17c\">\n.flex_column.av-29tez-ab75d374b81c534a6ced52b7db11b17c{\nborder-radius:0px 0px 0px 0px;\npadding:0px 0px 0px 0px;\n}\n<\/style>\n<div  class='flex_column av-29tez-ab75d374b81c534a6ced52b7db11b17c av_two_fifth  avia-builder-el-9  el_after_av_one_fifth  avia-builder-el-last  flex_column_div av-zero-column-padding  '     ><p>\n<style type=\"text\/css\" data-created_by=\"avia_inline_auto\" id=\"style-css-av-av_heading-f8e359cbf711def7ec5b73ce08d6ff3e\">\n#top .av-special-heading.av-av_heading-f8e359cbf711def7ec5b73ce08d6ff3e{\npadding-bottom:10px;\n}\nbody .av-special-heading.av-av_heading-f8e359cbf711def7ec5b73ce08d6ff3e .av-special-heading-tag .heading-char{\nfont-size:25px;\n}\n.av-special-heading.av-av_heading-f8e359cbf711def7ec5b73ce08d6ff3e .av-subheading{\nfont-size:15px;\n}\n<\/style>\n<div  class='av-special-heading av-av_heading-f8e359cbf711def7ec5b73ce08d6ff3e av-special-heading-h4  avia-builder-el-10  el_before_av_textblock  avia-builder-el-first '><h4 class='av-special-heading-tag '  itemprop=\"headline\"  >Litiges<\/h4><div class=\"special-heading-border\"><div class=\"special-heading-inner-border\"><\/div><\/div><\/div><br \/>\n<section  class='av_textblock_section av-348j-785dcd46ff384aa02b21a118dc0d2fc1 '   itemscope=\"itemscope\" itemtype=\"https:\/\/schema.org\/CreativeWork\" ><div class='avia_textblock'  itemprop=\"text\" ><p>Nos mandataires en brevets japonais ont une exp\u00e9rience non seulement dans la repr\u00e9sentation et l\u2019assistance des clients dans les proc\u00e8s en contrefa\u00e7on, mais aussi dans la r\u00e9alisation de n\u00e9gociations avec des tiers.<\/p>\n<p>Une action l\u00e9gale n\u2019est pas n\u00e9cessairement la meilleure solution\u00a0; nous offrons ainsi des conseils sur les m\u00e9thodes pour r\u00e9soudre les diff\u00e9rends qui seraient les plus adapt\u00e9es pour les clients, en consid\u00e9rant tous les aspects, y compris le co\u00fbt.<\/p>\n<p>Nous avons une vaste exp\u00e9rience dans la repr\u00e9sentation des soci\u00e9t\u00e9s non-japonaises et offrons des conseils pour des litiges avec les entreprises au Japon ou \u00e0 l&rsquo;\u00e9tranger. En raison de l\u2019excellence des comp\u00e9tences en communication de notre personnel international et de la solide compr\u00e9hension des soci\u00e9t\u00e9s non-japonaises par notre personnel local, nous pouvons fournir des services de qualit\u00e9 sans probl\u00e8me de communication. Nous excellons \u00e9galement en n\u00e9gociations.<\/p>\n<p>Concernant les proc\u00e8s en contrefa\u00e7ons, nous avons travaill\u00e9 en collaboration avec des cabinets d&rsquo;avocats parmi les plus prestigieux au Japon.<\/p>\n<p>Nous acceptons le transfert des cas provenant d\u2019autres cabinets de conseil.<\/p>\n<\/div><\/section><\/p><\/div>\n","protected":false},"excerpt":{"rendered":"","protected":false},"author":2,"featured_media":0,"parent":0,"menu_order":0,"comment_status":"closed","ping_status":"closed","template":"","meta":{"_acf_changed":false,"footnotes":""},"class_list":["post-3205","page","type-page","status-publish","hentry"],"acf":[],"_links":{"self":[{"href":"https:\/\/www.patents.jp\/fr\/wp-json\/wp\/v2\/pages\/3205","targetHints":{"allow":["GET"]}}],"collection":[{"href":"https:\/\/www.patents.jp\/fr\/wp-json\/wp\/v2\/pages"}],"about":[{"href":"https:\/\/www.patents.jp\/fr\/wp-json\/wp\/v2\/types\/page"}],"author":[{"embeddable":true,"href":"https:\/\/www.patents.jp\/fr\/wp-json\/wp\/v2\/users\/2"}],"replies":[{"embeddable":true,"href":"https:\/\/www.patents.jp\/fr\/wp-json\/wp\/v2\/comments?post=3205"}],"version-history":[{"count":10,"href":"https:\/\/www.patents.jp\/fr\/wp-json\/wp\/v2\/pages\/3205\/revisions"}],"predecessor-version":[{"id":10815,"href":"https:\/\/www.patents.jp\/fr\/wp-json\/wp\/v2\/pages\/3205\/revisions\/10815"}],"wp:attachment":[{"href":"https:\/\/www.patents.jp\/fr\/wp-json\/wp\/v2\/media?parent=3205"}],"curies":[{"name":"wp","href":"https:\/\/api.w.org\/{rel}","templated":true}]}}