{"id":3201,"date":"2019-03-14T06:35:00","date_gmt":"2019-03-14T06:35:00","guid":{"rendered":"http:\/\/www.patents.jp\/?page_id=3201"},"modified":"2021-12-02T10:09:17","modified_gmt":"2021-12-02T01:09:17","slug":"other-ip-rights","status":"publish","type":"page","link":"https:\/\/www.patents.jp\/fr\/other-ip-rights\/","title":{"rendered":"Autres Droits de PI"},"content":{"rendered":"\n<style type=\"text\/css\" data-created_by=\"avia_inline_auto\" id=\"style-css-av-1bret-fa45ae852062371c1a285fccef116a67\">\n.flex_column.av-1bret-fa45ae852062371c1a285fccef116a67{\nborder-radius:0px 0px 0px 0px;\npadding:0px 0px 0px 0px;\n}\n<\/style>\n<div  class='flex_column av-1bret-fa45ae852062371c1a285fccef116a67 av_one_fifth  avia-builder-el-0  el_before_av_two_fifth  avia-builder-el-first  first flex_column_div av-zero-column-padding  '     ><section  class='av_textblock_section av-kqw1oawo-2b9205345d5313f77fd063d566896b22 '   itemscope=\"itemscope\" itemtype=\"https:\/\/schema.org\/CreativeWork\" ><div class='avia_textblock'  itemprop=\"text\" ><h4><a href=\"\/fr\/services\">Services<\/a><\/h4>\n<p><a href=\"\/fr\/patents\">Brevets<\/a><\/p>\n<p><b>Autres Droits de PI<\/b><\/p>\n<p><a href=\"\/fr\/legal-actions\">Actions L\u00e9gales<\/a><\/p>\n<p><a href=\"\/fr\/translation-services\/\">Services de traduction<\/a><\/p>\n<p><a href=\"\/fr\/legal-services\/#paiements_d\u2019annuit\u00e9s\">Paiements d\u2019annuit\u00e9s<\/a><\/p>\n<p><a href=\"\/fr\/legal-services\">Autres services<\/a><\/p>\n<\/div><\/section><\/div>\n<style type=\"text\/css\" data-created_by=\"avia_inline_auto\" id=\"style-css-av-kxd1-8261bd6d04362416f17f09a644197339\">\n.flex_column.av-kxd1-8261bd6d04362416f17f09a644197339{\nborder-radius:0px 0px 0px 0px;\npadding:0px 0px 0px 0px;\n}\n<\/style>\n<div  class='flex_column av-kxd1-8261bd6d04362416f17f09a644197339 av_two_fifth  avia-builder-el-2  el_after_av_one_fifth  el_before_av_two_fifth  flex_column_div av-zero-column-padding  '     ><p>\n<style type=\"text\/css\" data-created_by=\"avia_inline_auto\" id=\"style-css-av-jtp5kn1n-bcf17a490f9d8b22d118cdf482186d1c\">\n#top .av-special-heading.av-jtp5kn1n-bcf17a490f9d8b22d118cdf482186d1c{\npadding-bottom:10px;\n}\nbody .av-special-heading.av-jtp5kn1n-bcf17a490f9d8b22d118cdf482186d1c .av-special-heading-tag .heading-char{\nfont-size:25px;\n}\n.av-special-heading.av-jtp5kn1n-bcf17a490f9d8b22d118cdf482186d1c .av-subheading{\nfont-size:15px;\n}\n<\/style>\n<div  class='av-special-heading av-jtp5kn1n-bcf17a490f9d8b22d118cdf482186d1c av-special-heading-h4  avia-builder-el-3  el_before_av_textblock  avia-builder-el-first '><h4 class='av-special-heading-tag '  itemprop=\"headline\"  >Mod\u00e8les d\u2019utilit\u00e9<\/h4><div class=\"special-heading-border\"><div class=\"special-heading-inner-border\"><\/div><\/div><\/div><br \/>\n\n<style type=\"text\/css\" data-created_by=\"avia_inline_auto\" id=\"style-css-av-4mmyp-ec7987fcc76e216c910888576cb30bae\">\n#top .av_textblock_section.av-4mmyp-ec7987fcc76e216c910888576cb30bae .avia_textblock{\nfont-size:14px;\n}\n<\/style>\n<section  class='av_textblock_section av-4mmyp-ec7987fcc76e216c910888576cb30bae '   itemscope=\"itemscope\" itemtype=\"https:\/\/schema.org\/CreativeWork\" ><div class='avia_textblock'  itemprop=\"text\" ><p>L\u2019avantage essentiel des mod\u00e8les d&rsquo;utilit\u00e9 au Japon repose sur le fait qu\u2019ils sont automatiquement enregistr\u00e9s sans examen substantiel. Il y a donc des situations o\u00f9 il est plus opportun de d\u00e9poser une demande de mod\u00e8le d&rsquo;utilit\u00e9 plut\u00f4t qu&rsquo;une demande de brevet\u00a0; nous sommes l\u00e0 pour vous guider dans votre choix.<\/p>\n<\/div><\/section><\/p><\/div><\/p>\n\n<style type=\"text\/css\" data-created_by=\"avia_inline_auto\" id=\"style-css-av-3vtu9-1494171cf86674394c0057995967860f\">\n.flex_column.av-3vtu9-1494171cf86674394c0057995967860f{\nborder-radius:0px 0px 0px 0px;\npadding:0px 0px 0px 0px;\n}\n<\/style>\n<div  class='flex_column av-3vtu9-1494171cf86674394c0057995967860f av_two_fifth  avia-builder-el-5  el_after_av_two_fifth  el_before_av_one_fifth  flex_column_div av-zero-column-padding  '     ><p>\n<style type=\"text\/css\" data-created_by=\"avia_inline_auto\" id=\"style-css-av-jtpdvc09-79a31a8f3ae22fa60fdfcddec11fa711\">\n#top .av-special-heading.av-jtpdvc09-79a31a8f3ae22fa60fdfcddec11fa711{\npadding-bottom:10px;\n}\nbody .av-special-heading.av-jtpdvc09-79a31a8f3ae22fa60fdfcddec11fa711 .av-special-heading-tag .heading-char{\nfont-size:25px;\n}\n.av-special-heading.av-jtpdvc09-79a31a8f3ae22fa60fdfcddec11fa711 .av-subheading{\nfont-size:15px;\n}\n<\/style>\n<div  class='av-special-heading av-jtpdvc09-79a31a8f3ae22fa60fdfcddec11fa711 av-special-heading-h4  avia-builder-el-6  el_before_av_textblock  avia-builder-el-first '><h4 class='av-special-heading-tag '  itemprop=\"headline\"  >Dessins et mod\u00e8les<\/h4><div class=\"special-heading-border\"><div class=\"special-heading-inner-border\"><\/div><\/div><\/div><br \/>\n\n<style type=\"text\/css\" data-created_by=\"avia_inline_auto\" id=\"style-css-av-2ufjl-89af2e37fc12e193dbbd1460409e0f2f\">\n#top .av_textblock_section.av-2ufjl-89af2e37fc12e193dbbd1460409e0f2f .avia_textblock{\nfont-size:14px;\n}\n<\/style>\n<section  class='av_textblock_section av-2ufjl-89af2e37fc12e193dbbd1460409e0f2f '   itemscope=\"itemscope\" itemtype=\"https:\/\/schema.org\/CreativeWork\" ><div class='avia_textblock'  itemprop=\"text\" ><p>Le dessin industriel des produits (l&rsquo;aspect esth\u00e9tique des produits) peut \u00eatre prot\u00e9g\u00e9 par le droit des dessins et mod\u00e8les, soit en combinaison avec des droits de brevet, soit \u00e0 la place des droits de brevet. Les dessins sont parfois plus utiles que les brevets car ils sont souvent plus faciles \u00e0 d\u00e9fendre et valoriser. Les dessins et mod\u00e8les sont particuli\u00e8rement efficaces lorsque les produits \u00e0 prot\u00e9ger ont un cycle de vie plut\u00f4t court. Nous sommes \u00e0 votre service pour utiliser au mieux les avantages du droit des dessins et mod\u00e8les, et durant l\u2019examen, nous avons recours tr\u00e8s fr\u00e9quemment aux entretiens avec l\u2019examinateur.<\/p>\n<\/div><\/section><\/p><\/div>\n\n<style type=\"text\/css\" data-created_by=\"avia_inline_auto\" id=\"style-css-av-s6bh-a372e5a993f271f13b5ec360cc59f31b\">\n.flex_column.av-s6bh-a372e5a993f271f13b5ec360cc59f31b{\nborder-radius:0px 0px 0px 0px;\npadding:0px 0px 0px 0px;\n}\n<\/style>\n<div  class='flex_column av-s6bh-a372e5a993f271f13b5ec360cc59f31b av_one_fifth  avia-builder-el-8  el_after_av_two_fifth  el_before_av_two_fifth  first flex_column_div av-zero-column-padding  '     ><\/div>\n\n<style type=\"text\/css\" data-created_by=\"avia_inline_auto\" id=\"style-css-av-1vh4t-8065cdfc4ce022b4d8d9358b36e4ca67\">\n.flex_column.av-1vh4t-8065cdfc4ce022b4d8d9358b36e4ca67{\nborder-radius:0px 0px 0px 0px;\npadding:0px 0px 0px 0px;\n}\n<\/style>\n<div  class='flex_column av-1vh4t-8065cdfc4ce022b4d8d9358b36e4ca67 av_two_fifth  avia-builder-el-9  el_after_av_one_fifth  avia-builder-el-last  flex_column_div av-zero-column-padding  '     ><p>\n<style type=\"text\/css\" data-created_by=\"avia_inline_auto\" id=\"style-css-av-jtp5lyz2-5b30643d0b9cc7f67d1f49c23265ff65\">\n#top .av-special-heading.av-jtp5lyz2-5b30643d0b9cc7f67d1f49c23265ff65{\npadding-bottom:10px;\n}\nbody .av-special-heading.av-jtp5lyz2-5b30643d0b9cc7f67d1f49c23265ff65 .av-special-heading-tag .heading-char{\nfont-size:25px;\n}\n.av-special-heading.av-jtp5lyz2-5b30643d0b9cc7f67d1f49c23265ff65 .av-subheading{\nfont-size:15px;\n}\n<\/style>\n<div  class='av-special-heading av-jtp5lyz2-5b30643d0b9cc7f67d1f49c23265ff65 av-special-heading-h4  avia-builder-el-10  el_before_av_textblock  avia-builder-el-first '><h4 class='av-special-heading-tag '  itemprop=\"headline\"  >Marques<\/h4><div class=\"special-heading-border\"><div class=\"special-heading-inner-border\"><\/div><\/div><\/div><br \/>\n\n<style type=\"text\/css\" data-created_by=\"avia_inline_auto\" id=\"style-css-av-13hyh-a94f323ef8142cf5cd3c0f7804c9e11c\">\n#top .av_textblock_section.av-13hyh-a94f323ef8142cf5cd3c0f7804c9e11c .avia_textblock{\nfont-size:14px;\n}\n<\/style>\n<section  class='av_textblock_section av-13hyh-a94f323ef8142cf5cd3c0f7804c9e11c '   itemscope=\"itemscope\" itemtype=\"https:\/\/schema.org\/CreativeWork\" ><div class='avia_textblock'  itemprop=\"text\" ><p class=\"p1\">Les capacit\u00e9s analytiques fond\u00e9es sur la compr\u00e9hension des r\u00e9alit\u00e9s des entreprises qui d\u00e9passent les contraintes de la loi jouent un r\u00f4le tr\u00e8s important dans l&rsquo;enregistrement des marques et le r\u00e8glement rapide des cas d&rsquo;infraction. Nos experts nationaux et internationaux, qui utilisent leurs capacit\u00e9s de communication, sont pr\u00eats \u00e0 aider les clients avec une r\u00e9solution de probl\u00e8mes et une protection fiable du droit des marques.<\/p>\n<\/div><\/section><\/p><\/div>\n","protected":false},"excerpt":{"rendered":"","protected":false},"author":2,"featured_media":0,"parent":0,"menu_order":0,"comment_status":"closed","ping_status":"closed","template":"","meta":{"_acf_changed":false,"footnotes":""},"class_list":["post-3201","page","type-page","status-publish","hentry"],"acf":[],"_links":{"self":[{"href":"https:\/\/www.patents.jp\/fr\/wp-json\/wp\/v2\/pages\/3201","targetHints":{"allow":["GET"]}}],"collection":[{"href":"https:\/\/www.patents.jp\/fr\/wp-json\/wp\/v2\/pages"}],"about":[{"href":"https:\/\/www.patents.jp\/fr\/wp-json\/wp\/v2\/types\/page"}],"author":[{"embeddable":true,"href":"https:\/\/www.patents.jp\/fr\/wp-json\/wp\/v2\/users\/2"}],"replies":[{"embeddable":true,"href":"https:\/\/www.patents.jp\/fr\/wp-json\/wp\/v2\/comments?post=3201"}],"version-history":[{"count":9,"href":"https:\/\/www.patents.jp\/fr\/wp-json\/wp\/v2\/pages\/3201\/revisions"}],"predecessor-version":[{"id":10819,"href":"https:\/\/www.patents.jp\/fr\/wp-json\/wp\/v2\/pages\/3201\/revisions\/10819"}],"wp:attachment":[{"href":"https:\/\/www.patents.jp\/fr\/wp-json\/wp\/v2\/media?parent=3201"}],"curies":[{"name":"wp","href":"https:\/\/api.w.org\/{rel}","templated":true}]}}