{"id":3193,"date":"2019-03-14T06:32:43","date_gmt":"2019-03-14T06:32:43","guid":{"rendered":"http:\/\/www.patents.jp\/?page_id=3193"},"modified":"2021-12-02T10:10:52","modified_gmt":"2021-12-02T01:10:52","slug":"services","status":"publish","type":"page","link":"https:\/\/www.patents.jp\/fr\/services\/","title":{"rendered":"Services"},"content":{"rendered":"\n<style type=\"text\/css\" data-created_by=\"avia_inline_auto\" id=\"style-css-av-2iszq-8afe74dc2c979118b68a8de4ad66e25f\">\n.flex_column.av-2iszq-8afe74dc2c979118b68a8de4ad66e25f{\nborder-radius:0px 0px 0px 0px;\npadding:0px 0px 0px 0px;\n}\n<\/style>\n<div  class='flex_column av-2iszq-8afe74dc2c979118b68a8de4ad66e25f av_one_fifth  avia-builder-el-0  el_before_av_three_fifth  avia-builder-el-first  first flex_column_div av-zero-column-padding  '     ><section  class='av_textblock_section av-kqw1gzjl-87e389602febb6b8b991ec546237232a '   itemscope=\"itemscope\" itemtype=\"https:\/\/schema.org\/CreativeWork\" ><div class='avia_textblock'  itemprop=\"text\" ><h4>Services<\/h4>\n<p><a href=\"\/fr\/patents\">Brevets<\/a><\/p>\n<p><a href=\"\/fr\/other-ip-rights\">Autres Droits de PI<\/a><\/p>\n<p><a href=\"\/fr\/legal-actions\">Actions L\u00e9gales<\/a><\/p>\n<p><a href=\"\/fr\/translation-services\/\">Services de traduction<\/a><\/p>\n<p><a href=\"\/fr\/legal-services\/#paiements_d\u2019annuit\u00e9s\">Paiements d\u2019annuit\u00e9s<\/a><\/p>\n<p><a href=\"\/fr\/legal-services\">Autres services<\/a><\/p>\n<\/div><\/section><\/div>\n<style type=\"text\/css\" data-created_by=\"avia_inline_auto\" id=\"style-css-av-26kva-1f2fceb96272ecaef6dd646f993b0ec5\">\n.flex_column.av-26kva-1f2fceb96272ecaef6dd646f993b0ec5{\nborder-radius:0px 0px 0px 0px;\npadding:0px 0px 0px 0px;\n}\n<\/style>\n<div  class='flex_column av-26kva-1f2fceb96272ecaef6dd646f993b0ec5 av_three_fifth  avia-builder-el-2  el_after_av_one_fifth  el_before_av_one_fifth  flex_column_div av-zero-column-padding  '     ><section  class='av_textblock_section av-1nty2-5719b6dd639f018346fdb8a396458974 '   itemscope=\"itemscope\" itemtype=\"https:\/\/schema.org\/CreativeWork\" ><div class='avia_textblock'  itemprop=\"text\" ><p>Nous repr\u00e9sentons nos clients dans les proc\u00e9dures de d\u00e9p\u00f4t, de proc\u00e9dure d\u2019obtention et d&rsquo;enregistrement de titres de Propri\u00e9t\u00e9 intellectuelle en vertu de la Loi sur les brevets japonais et les mod\u00e8les d\u2019utilit\u00e9, du droit des marques et du droit des dessins et mod\u00e8les. Nous formons \u00e9galement des oppositions, des actions de nullit\u00e9 et menons des proc\u00e8s en contrefa\u00e7on, aupr\u00e8s de la cour et devant les tribunaux japonais.<\/p>\n<p>Nous intervenons \u00e9galement sur les questions de concurrence d\u00e9loyale, et de droits d&rsquo;auteur, et nous r\u00e9alisons des recherches, des \u00e9tudes de validit\u00e9 et de libert\u00e9 d\u2019exploitation (notamment dans le cadre de l\u2019exercice de Due Diligence), sur lesquelles nous basons nos opinions d\u2019experts, contre-expertise et la n\u00e9gociation de cession et licences.<\/p>\n<\/div><\/section><\/div><\/p>\n\n<style type=\"text\/css\" data-created_by=\"avia_inline_auto\" id=\"style-css-av-wfra-4f8655828cbc4257566c52526ff5a687\">\n.flex_column.av-wfra-4f8655828cbc4257566c52526ff5a687{\nborder-radius:0px 0px 0px 0px;\npadding:0px 0px 0px 0px;\n}\n<\/style>\n<div  class='flex_column av-wfra-4f8655828cbc4257566c52526ff5a687 av_one_fifth  avia-builder-el-4  el_after_av_three_fifth  avia-builder-el-last  flex_column_div av-zero-column-padding  '     ><\/div>\n","protected":false},"excerpt":{"rendered":"","protected":false},"author":2,"featured_media":0,"parent":0,"menu_order":0,"comment_status":"closed","ping_status":"closed","template":"","meta":{"_acf_changed":false,"footnotes":""},"class_list":["post-3193","page","type-page","status-publish","hentry"],"acf":[],"_links":{"self":[{"href":"https:\/\/www.patents.jp\/fr\/wp-json\/wp\/v2\/pages\/3193","targetHints":{"allow":["GET"]}}],"collection":[{"href":"https:\/\/www.patents.jp\/fr\/wp-json\/wp\/v2\/pages"}],"about":[{"href":"https:\/\/www.patents.jp\/fr\/wp-json\/wp\/v2\/types\/page"}],"author":[{"embeddable":true,"href":"https:\/\/www.patents.jp\/fr\/wp-json\/wp\/v2\/users\/2"}],"replies":[{"embeddable":true,"href":"https:\/\/www.patents.jp\/fr\/wp-json\/wp\/v2\/comments?post=3193"}],"version-history":[{"count":8,"href":"https:\/\/www.patents.jp\/fr\/wp-json\/wp\/v2\/pages\/3193\/revisions"}],"predecessor-version":[{"id":10823,"href":"https:\/\/www.patents.jp\/fr\/wp-json\/wp\/v2\/pages\/3193\/revisions\/10823"}],"wp:attachment":[{"href":"https:\/\/www.patents.jp\/fr\/wp-json\/wp\/v2\/media?parent=3193"}],"curies":[{"name":"wp","href":"https:\/\/api.w.org\/{rel}","templated":true}]}}