{"id":3184,"date":"2019-03-14T06:29:41","date_gmt":"2019-03-14T06:29:41","guid":{"rendered":"http:\/\/www.patents.jp\/?page_id=3184"},"modified":"2024-07-02T13:15:46","modified_gmt":"2024-07-02T04:15:46","slug":"our-office","status":"publish","type":"page","link":"https:\/\/www.patents.jp\/fr\/our-office\/","title":{"rendered":"Nous trouver"},"content":{"rendered":"<div  class='flex_column av-av_one_fifth-e0deb7efa2003ea6c4d13f7a6e3c53e9 av_one_fifth  avia-builder-el-0  el_before_av_four_fifth  avia-builder-el-first  first flex_column_div  '     ><\/div><div  class='flex_column av-av_four_fifth-57a321d72b3b10045792c62db21edf45 av_four_fifth  avia-builder-el-2  el_after_av_one_fifth  el_before_av_one_fifth  flex_column_div  '     ><section  class='av_textblock_section av-lw738cgm-acd3481c42a9c532306663a7f0f0d5d6 '   itemscope=\"itemscope\" itemtype=\"https:\/\/schema.org\/CreativeWork\" ><div class='avia_textblock'  itemprop=\"text\" ><p><img decoding=\"async\" class=\"alignnone size-medium wp-image-11103\" src=\"https:\/\/www.patents.jp\/sonoda-path\/to\/wp-content\/\/uploads\/2022\/03\/our-officemap_en_2022.jpg\" alt=\"\" width=\"600\" srcset=\"https:\/\/www.patents.jp\/sonoda-path\/to\/wp-content\/\/uploads\/2022\/03\/our-officemap_en_2022.jpg 1800w, https:\/\/www.patents.jp\/sonoda-path\/to\/wp-content\/\/uploads\/2022\/03\/our-officemap_en_2022-300x200.jpg 300w, https:\/\/www.patents.jp\/sonoda-path\/to\/wp-content\/\/uploads\/2022\/03\/our-officemap_en_2022-1030x687.jpg 1030w, https:\/\/www.patents.jp\/sonoda-path\/to\/wp-content\/\/uploads\/2022\/03\/our-officemap_en_2022-768x512.jpg 768w, https:\/\/www.patents.jp\/sonoda-path\/to\/wp-content\/\/uploads\/2022\/03\/our-officemap_en_2022-1536x1024.jpg 1536w, https:\/\/www.patents.jp\/sonoda-path\/to\/wp-content\/\/uploads\/2022\/03\/our-officemap_en_2022-1500x1000.jpg 1500w, https:\/\/www.patents.jp\/sonoda-path\/to\/wp-content\/\/uploads\/2022\/03\/our-officemap_en_2022-705x470.jpg 705w, https:\/\/www.patents.jp\/sonoda-path\/to\/wp-content\/\/uploads\/2022\/03\/our-officemap_en_2022-450x300.jpg 450w\" sizes=\"(max-width: 1800px) 100vw, 1800px\" \/><\/p>\n<\/div><\/section><\/div><\/p>\n\n<style type=\"text\/css\" data-created_by=\"avia_inline_auto\" id=\"style-css-av-usoh-9e76a30370c446e47dd8ff60ffc07363\">\n.flex_column.av-usoh-9e76a30370c446e47dd8ff60ffc07363{\nborder-radius:0px 0px 0px 0px;\npadding:0px 0px 0px 0px;\n}\n<\/style>\n<div  class='flex_column av-usoh-9e76a30370c446e47dd8ff60ffc07363 av_one_fifth  avia-builder-el-4  el_after_av_four_fifth  el_before_av_one_half  first flex_column_div av-zero-column-padding  '     ><\/div>\n\n<style type=\"text\/css\" data-created_by=\"avia_inline_auto\" id=\"style-css-av-37qe9-2bba61c6d67884675287c00628db56d6\">\n.flex_column.av-37qe9-2bba61c6d67884675287c00628db56d6{\nborder-radius:0px 0px 0px 0px;\npadding:0px 0px 0px 0px;\n}\n<\/style>\n<div  class='flex_column av-37qe9-2bba61c6d67884675287c00628db56d6 av_one_half  avia-builder-el-5  el_after_av_one_fifth  avia-builder-el-last  flex_column_div av-zero-column-padding  '     ><section  class='av_textblock_section av-8xc1-6f7535de9312f1530ed6cfea2af4fb78 '   itemscope=\"itemscope\" itemtype=\"https:\/\/schema.org\/CreativeWork\" ><div class='avia_textblock'  itemprop=\"text\" ><h4 style=\"padding-left: 30px;\">Sonoda and Kobayashi Intellectual Property Law<\/h4>\n<p style=\"padding-left: 30px;\">Shinjuku Mitsui Building 34<sup>th<\/sup> floor<br \/>\n2-1-1 Nishi-Shinjuku, Shinjuku-ku,<br \/>\nTokyo, Japon<br \/>\n\u3012163-0434<\/p>\n<p style=\"padding-left: 30px;\"><strong>Ligne principale:<\/strong> +81-3-5339-1093<br \/>\n<strong>Fax:<\/strong> +81-3-5339-1094<\/p>\n<p style=\"padding-left: 30px;\">Nous sommes:<br \/>\n\u00c0 environ 6 minutes \u00e0 pied de la gare JR Shinjuku (sortie ouest), de la gare Odakyu Shinjuku (ligne Odakyu) et de la gare Keio Shinjuku (ligne Keio)<br \/>\n\u00c0 environ 2 minutes \u00e0 pied de la gare de Nishi-Shinjuku (M\u00e9tro ligne Marunouchi)<br \/>\n\u00c0 environ 1 minute \u00e0 pied de la gare de Tochomae (M\u00e9tro ligne Oedo).<\/p>\n<\/div><\/section><\/div>\n","protected":false},"excerpt":{"rendered":"","protected":false},"author":2,"featured_media":0,"parent":0,"menu_order":0,"comment_status":"closed","ping_status":"closed","template":"","meta":{"_acf_changed":false,"footnotes":""},"class_list":["post-3184","page","type-page","status-publish","hentry"],"acf":[],"_links":{"self":[{"href":"https:\/\/www.patents.jp\/fr\/wp-json\/wp\/v2\/pages\/3184","targetHints":{"allow":["GET"]}}],"collection":[{"href":"https:\/\/www.patents.jp\/fr\/wp-json\/wp\/v2\/pages"}],"about":[{"href":"https:\/\/www.patents.jp\/fr\/wp-json\/wp\/v2\/types\/page"}],"author":[{"embeddable":true,"href":"https:\/\/www.patents.jp\/fr\/wp-json\/wp\/v2\/users\/2"}],"replies":[{"embeddable":true,"href":"https:\/\/www.patents.jp\/fr\/wp-json\/wp\/v2\/comments?post=3184"}],"version-history":[{"count":10,"href":"https:\/\/www.patents.jp\/fr\/wp-json\/wp\/v2\/pages\/3184\/revisions"}],"predecessor-version":[{"id":15360,"href":"https:\/\/www.patents.jp\/fr\/wp-json\/wp\/v2\/pages\/3184\/revisions\/15360"}],"wp:attachment":[{"href":"https:\/\/www.patents.jp\/fr\/wp-json\/wp\/v2\/media?parent=3184"}],"curies":[{"name":"wp","href":"https:\/\/api.w.org\/{rel}","templated":true}]}}