{"id":3176,"date":"2019-03-14T06:27:30","date_gmt":"2019-03-14T06:27:30","guid":{"rendered":"http:\/\/www.patents.jp\/?page_id=3176"},"modified":"2025-07-03T09:58:31","modified_gmt":"2025-07-03T00:58:31","slug":"history","status":"publish","type":"page","link":"https:\/\/www.patents.jp\/fr\/history\/","title":{"rendered":"Histoire"},"content":{"rendered":"\n<style type=\"text\/css\" data-created_by=\"avia_inline_auto\" id=\"style-css-av-2chs1-a22214bc8d8006af0b154125b8b27181\">\n.flex_column.av-2chs1-a22214bc8d8006af0b154125b8b27181{\nborder-radius:0px 0px 0px 0px;\npadding:0px 0px 0px 0px;\n}\n<\/style>\n<div  class='flex_column av-2chs1-a22214bc8d8006af0b154125b8b27181 av_one_fifth  avia-builder-el-0  el_before_av_four_fifth  avia-builder-el-first  first flex_column_div av-zero-column-padding  '     ><section  class='av_textblock_section av-kz29ff3r-3f68d858ef5e3178ddb016cd5dd2c91e '   itemscope=\"itemscope\" itemtype=\"https:\/\/schema.org\/CreativeWork\" ><div class='avia_textblock'  itemprop=\"text\" ><h4><a href=\"http:\/\/www.patents.jp\/firm-introduction\">Firm<\/a><\/h4>\n<p><a href=\"http:\/\/www.patents.jp\/firm-introduction\">Introduction<\/a><\/p>\n<p><b>History<\/b><\/p>\n<p><a href=\"http:\/\/www.patents.jp\/selected-honors\">Selected Honors<\/a><\/p>\n<p><a href=\"http:\/\/www.patents.jp\/our-office\">Our Office<\/a><\/p>\n<\/div><\/section><\/div>\n\n<style type=\"text\/css\" data-created_by=\"avia_inline_auto\" id=\"style-css-av-1o6gx-db7ac19266b126f13fc17b55d4e48a0a\">\n.flex_column.av-1o6gx-db7ac19266b126f13fc17b55d4e48a0a{\nborder-radius:0px 0px 0px 0px;\npadding:0px 0px 0px 0px;\n}\n<\/style>\n<div  class='flex_column av-1o6gx-db7ac19266b126f13fc17b55d4e48a0a av_four_fifth  avia-builder-el-2  el_after_av_one_fifth  avia-builder-el-last  flex_column_div av-zero-column-padding  '     ><div class='avia-data-table-wrap av-9zc2h-bd73286ba9f8f49a155d7446f7a38b6a avia_responsive_table avia-table-1'><table  class='avia-table avia-data-table avia_pricing_default  avia-builder-el-3  avia-builder-el-no-sibling '  itemscope=\"itemscope\" itemtype=\"https:\/\/schema.org\/Table\" ><tbody><tr class=''><td class='avia-highlight-col'>Mars 1998<\/td><td class=''>En partenariat, Yoshitaka SONODAen tant que pr\u00e9sident- et Yoshinori KOBAYASHI, ont fond\u00e9 l&rsquo;entreprise dans le quartier de Koto, \u00e0 Tokyo, au Time 24 Office Building.<\/td><\/tr><tr class=''><td class='avia-highlight-col'>Mai 2001<\/td><td class=''>Le cabinet est relocalis\u00e9 au Shinjuku Sumitomo Building.<\/td><\/tr><tr class=''><td class='avia-highlight-col'>D\u00e9cembre 2004<\/td><td class=''>Le cabinet s\u2019installe au Shinjuku Mitsui Building.<\/td><\/tr><tr class=''><td class='avia-highlight-col'>Janvier 2015<\/td><td class=''>Le cabinet se divise entre SONODA &amp; KOBAYASHI Intellectual Property Law (Yoshitaka SONODA comme Directeur associ\u00e9) et SONODA &amp; Kobayashi IP SERVICES Inc. (Yoshitaka SONODA en tant que PDG).<\/td><\/tr><tr class=''><td class='avia-highlight-col'>Janvier 2015<\/td><td class=''>Yumiko Tochino devient membre du Conseil d\u2019Administration de Sonoda &amp; Kobayashi IP Services Inc.<\/td><\/tr><tr class=''><td class='avia-highlight-col'>Juillet 2015<\/td><td class=''>Akira FUJII, Toshiyasu ISHIOKA, Yoshitaka TOGASHI, et Kimio SATO deviennent associ\u00e9s et Yoshinori KOBAYASHI conseiller juridique.<\/td><\/tr><tr class=''><td class='avia-highlight-col'>Janvier 2017<\/td><td class=''>Nicole Bigler devient membre du Conseil d\u2019Administration de Sonoda &amp; Kobayashi IP Services Inc. <\/td><\/tr><tr class=''><td class='avia-highlight-col'>Avril 2019<\/td><td class=''>Harumi Kokaji devient associ\u00e9e<\/td><\/tr><tr class=''><td class='avia-highlight-col'>Avril 2019<\/td><td class=''>Yoko Nagamoto devient membre du Conseil d\u2019Administration de Sonoda &amp; Kobayashi IP Services Inc. <\/td><\/tr><tr class=''><td class='avia-highlight-col'>Avril 2021<\/td><td class=''>Cr\u00e9ation de Sonoda &amp; Kobayashi IP Group (P\u00e9kin) en Chine<\/td><\/tr><tr class=''><td class='avia-highlight-col'>Novembre 2021<\/td><td class=''>Ouverture d&rsquo;une succursale \u00e0 P\u00e9kin.<\/td><\/tr><tr class=''><td class='avia-highlight-col'>Juin 2025<\/td><td class=''>Keiko Shishida devient associ\u00e9e<\/td><\/tr><\/tbody><\/table><\/div><\/div>\n","protected":false},"excerpt":{"rendered":"","protected":false},"author":2,"featured_media":0,"parent":0,"menu_order":0,"comment_status":"closed","ping_status":"closed","template":"","meta":{"_acf_changed":false,"footnotes":""},"class_list":["post-3176","page","type-page","status-publish","hentry"],"acf":[],"_links":{"self":[{"href":"https:\/\/www.patents.jp\/fr\/wp-json\/wp\/v2\/pages\/3176","targetHints":{"allow":["GET"]}}],"collection":[{"href":"https:\/\/www.patents.jp\/fr\/wp-json\/wp\/v2\/pages"}],"about":[{"href":"https:\/\/www.patents.jp\/fr\/wp-json\/wp\/v2\/types\/page"}],"author":[{"embeddable":true,"href":"https:\/\/www.patents.jp\/fr\/wp-json\/wp\/v2\/users\/2"}],"replies":[{"embeddable":true,"href":"https:\/\/www.patents.jp\/fr\/wp-json\/wp\/v2\/comments?post=3176"}],"version-history":[{"count":11,"href":"https:\/\/www.patents.jp\/fr\/wp-json\/wp\/v2\/pages\/3176\/revisions"}],"predecessor-version":[{"id":16463,"href":"https:\/\/www.patents.jp\/fr\/wp-json\/wp\/v2\/pages\/3176\/revisions\/16463"}],"wp:attachment":[{"href":"https:\/\/www.patents.jp\/fr\/wp-json\/wp\/v2\/media?parent=3176"}],"curies":[{"name":"wp","href":"https:\/\/api.w.org\/{rel}","templated":true}]}}